{"id":66,"date":"2010-05-25T06:38:13","date_gmt":"2010-05-25T06:38:13","guid":{"rendered":"http:\/stephaniemartineau.com.com\/?page_id=6"},"modified":"2018-02-12T17:54:51","modified_gmt":"2018-02-12T17:54:51","slug":"bio","status":"publish","type":"page","link":"https:\/\/stephaniemartineau.com\/fr\/bio\/","title":{"rendered":"Bio"},"content":{"rendered":"<p><img loading=\"lazy\" decoding=\"async\" class=\"alignright size-medium wp-image-210\" title=\"\" alt=\"\" src=\"\/wp-content\/uploads\/photoPhani-325x420.jpg\" width=\"325\" height=\"420\" srcset=\"https:\/\/stephaniemartineau.com\/wp-content\/uploads\/photoPhani-325x420.jpg 325w, https:\/\/stephaniemartineau.com\/wp-content\/uploads\/photoPhani.jpg 410w\" sizes=\"auto, (max-width: 325px) 100vw, 325px\" \/><\/p>\n<h1>Biographie<\/h1>\n<p>N\u00e9e \u00e0 Hull (Qu\u00e9bec) en 1977, St\u00e9phanie Martineau a obtenu un dipl\u00f4me en arts et en design de l\u2019Universit\u00e9 du Qu\u00e9bec en Outaouais en 2002. Depuis 2006, elle a particip\u00e9 \u00e0 plusieurs expositions individuelles et collectives dans la r\u00e9gion de l\u2019Outaouais.<\/p>\n<h1>D\u00e9marche<\/h1>\n<p>Une fascination envers le monde de l\u2019illustration pour enfants a pouss\u00e9 Martineau \u00e0 la cr\u00e9ation d\u2019\u0153uvres joyeuses et ensoleill\u00e9es. Pour pallier la tristesse et la noirceur que l\u2019on retrouve parfois dans la soci\u00e9t\u00e9 aujourd\u2019hui, l\u2019artiste trouve important de faire ressentir la gaiet\u00e9 \u00e0 travers ses cr\u00e9ations.<\/p>\n<p>Les yeux de ses personnages, qui sont d\u00e9mesur\u00e9s, attirent l\u2019attention sur le regard de ces derniers. En m\u00eame temps, du fait qu\u2019ils sont si peu repr\u00e9sentatifs de la r\u00e9alit\u00e9, ces yeux donnent aux \u0153uvres un petit c\u00f4t\u00e9 comique, caricatural. Que le visage des personnages soit de profil, pench\u00e9, ou regardant tout droit vers les gens qui l\u2019observent, celui-ci peut tant\u00f4t s\u00e9duire, tant\u00f4t faire sourire.<\/p>","protected":false},"excerpt":{"rendered":"<p>Biographie N\u00e9e \u00e0 Hull (Qu\u00e9bec) en 1977, St\u00e9phanie Martineau a obtenu un dipl\u00f4me en arts et en design de l\u2019Universit\u00e9 du Qu\u00e9bec en Outaouais en 2002. Depuis 2006, elle a particip\u00e9 \u00e0 plusieurs expositions individuelles et collectives dans la r\u00e9gion de l\u2019Outaouais. D\u00e9marche Une fascination envers le monde de l\u2019illustration pour enfants a pouss\u00e9 Martineau [&hellip;]<\/p>\n","protected":false},"author":1,"featured_media":0,"parent":0,"menu_order":0,"comment_status":"closed","ping_status":"closed","template":"","meta":{"footnotes":""},"class_list":["post-66","page","type-page","status-publish","hentry"],"yoast_head":"<!-- This site is optimized with the Yoast SEO plugin v24.2 - https:\/\/yoast.com\/wordpress\/plugins\/seo\/ -->\n<title>Bio - St\u00e9phanie Martineau<\/title>\n<meta name=\"robots\" content=\"index, follow, max-snippet:-1, max-image-preview:large, max-video-preview:-1\" \/>\n<link rel=\"canonical\" href=\"https:\/\/stephaniemartineau.com\/en\/bio\/\" \/>\n<meta property=\"og:locale\" content=\"fr_FR\" \/>\n<meta property=\"og:type\" content=\"article\" \/>\n<meta property=\"og:title\" content=\"Bio - St\u00e9phanie Martineau\" \/>\n<meta property=\"og:description\" content=\"Biographie N\u00e9e \u00e0 Hull (Qu\u00e9bec) en 1977, St\u00e9phanie Martineau a obtenu un dipl\u00f4me en arts et en design de l\u2019Universit\u00e9 du Qu\u00e9bec en Outaouais en 2002. Depuis 2006, elle a particip\u00e9 \u00e0 plusieurs expositions individuelles et collectives dans la r\u00e9gion de l\u2019Outaouais. D\u00e9marche Une fascination envers le monde de l\u2019illustration pour enfants a pouss\u00e9 Martineau [&hellip;]\" \/>\n<meta property=\"og:url\" content=\"https:\/\/stephaniemartineau.com\/en\/bio\/\" \/>\n<meta property=\"og:site_name\" content=\"St\u00e9phanie Martineau\" \/>\n<meta property=\"article:modified_time\" content=\"2018-02-12T17:54:51+00:00\" \/>\n<meta name=\"twitter:label1\" content=\"Dur\u00e9e de lecture estim\u00e9e\" \/>\n\t<meta name=\"twitter:data1\" content=\"2 minutes\" \/>\n<script type=\"application\/ld+json\" class=\"yoast-schema-graph\">{\"@context\":\"https:\/\/schema.org\",\"@graph\":[{\"@type\":\"WebPage\",\"@id\":\"https:\/\/stephaniemartineau.com\/en\/bio\/\",\"url\":\"https:\/\/stephaniemartineau.com\/en\/bio\/\",\"name\":\"Bio - St\u00e9phanie Martineau\",\"isPartOf\":{\"@id\":\"https:\/\/stephaniemartineau.com\/fr\/#website\"},\"datePublished\":\"2010-05-25T06:38:13+00:00\",\"dateModified\":\"2018-02-12T17:54:51+00:00\",\"breadcrumb\":{\"@id\":\"https:\/\/stephaniemartineau.com\/en\/bio\/#breadcrumb\"},\"inLanguage\":\"fr-FR\",\"potentialAction\":[{\"@type\":\"ReadAction\",\"target\":[\"https:\/\/stephaniemartineau.com\/en\/bio\/\"]}]},{\"@type\":\"BreadcrumbList\",\"@id\":\"https:\/\/stephaniemartineau.com\/en\/bio\/#breadcrumb\",\"itemListElement\":[{\"@type\":\"ListItem\",\"position\":1,\"name\":\"Home\",\"item\":\"https:\/\/stephaniemartineau.com\/fr\/\"},{\"@type\":\"ListItem\",\"position\":2,\"name\":\"Bio\"}]},{\"@type\":\"WebSite\",\"@id\":\"https:\/\/stephaniemartineau.com\/fr\/#website\",\"url\":\"https:\/\/stephaniemartineau.com\/fr\/\",\"name\":\"St\u00e9phanie Martineau\",\"description\":\"...\",\"potentialAction\":[{\"@type\":\"SearchAction\",\"target\":{\"@type\":\"EntryPoint\",\"urlTemplate\":\"https:\/\/stephaniemartineau.com\/fr\/?s={search_term_string}\"},\"query-input\":{\"@type\":\"PropertyValueSpecification\",\"valueRequired\":true,\"valueName\":\"search_term_string\"}}],\"inLanguage\":\"fr-FR\"}]}<\/script>\n<!-- \/ Yoast SEO plugin. -->","yoast_head_json":{"title":"Bio - St\u00e9phanie Martineau","robots":{"index":"index","follow":"follow","max-snippet":"max-snippet:-1","max-image-preview":"max-image-preview:large","max-video-preview":"max-video-preview:-1"},"canonical":"https:\/\/stephaniemartineau.com\/en\/bio\/","og_locale":"fr_FR","og_type":"article","og_title":"Bio - St\u00e9phanie Martineau","og_description":"Biographie N\u00e9e \u00e0 Hull (Qu\u00e9bec) en 1977, St\u00e9phanie Martineau a obtenu un dipl\u00f4me en arts et en design de l\u2019Universit\u00e9 du Qu\u00e9bec en Outaouais en 2002. Depuis 2006, elle a particip\u00e9 \u00e0 plusieurs expositions individuelles et collectives dans la r\u00e9gion de l\u2019Outaouais. D\u00e9marche Une fascination envers le monde de l\u2019illustration pour enfants a pouss\u00e9 Martineau [&hellip;]","og_url":"https:\/\/stephaniemartineau.com\/en\/bio\/","og_site_name":"St\u00e9phanie Martineau","article_modified_time":"2018-02-12T17:54:51+00:00","twitter_misc":{"Dur\u00e9e de lecture estim\u00e9e":"2 minutes"},"schema":{"@context":"https:\/\/schema.org","@graph":[{"@type":"WebPage","@id":"https:\/\/stephaniemartineau.com\/en\/bio\/","url":"https:\/\/stephaniemartineau.com\/en\/bio\/","name":"Bio - St\u00e9phanie Martineau","isPartOf":{"@id":"https:\/\/stephaniemartineau.com\/fr\/#website"},"datePublished":"2010-05-25T06:38:13+00:00","dateModified":"2018-02-12T17:54:51+00:00","breadcrumb":{"@id":"https:\/\/stephaniemartineau.com\/en\/bio\/#breadcrumb"},"inLanguage":"fr-FR","potentialAction":[{"@type":"ReadAction","target":["https:\/\/stephaniemartineau.com\/en\/bio\/"]}]},{"@type":"BreadcrumbList","@id":"https:\/\/stephaniemartineau.com\/en\/bio\/#breadcrumb","itemListElement":[{"@type":"ListItem","position":1,"name":"Home","item":"https:\/\/stephaniemartineau.com\/fr\/"},{"@type":"ListItem","position":2,"name":"Bio"}]},{"@type":"WebSite","@id":"https:\/\/stephaniemartineau.com\/fr\/#website","url":"https:\/\/stephaniemartineau.com\/fr\/","name":"St\u00e9phanie Martineau","description":"...","potentialAction":[{"@type":"SearchAction","target":{"@type":"EntryPoint","urlTemplate":"https:\/\/stephaniemartineau.com\/fr\/?s={search_term_string}"},"query-input":{"@type":"PropertyValueSpecification","valueRequired":true,"valueName":"search_term_string"}}],"inLanguage":"fr-FR"}]}},"_links":{"self":[{"href":"https:\/\/stephaniemartineau.com\/fr\/wp-json\/wp\/v2\/pages\/66","targetHints":{"allow":["GET"]}}],"collection":[{"href":"https:\/\/stephaniemartineau.com\/fr\/wp-json\/wp\/v2\/pages"}],"about":[{"href":"https:\/\/stephaniemartineau.com\/fr\/wp-json\/wp\/v2\/types\/page"}],"author":[{"embeddable":true,"href":"https:\/\/stephaniemartineau.com\/fr\/wp-json\/wp\/v2\/users\/1"}],"replies":[{"embeddable":true,"href":"https:\/\/stephaniemartineau.com\/fr\/wp-json\/wp\/v2\/comments?post=66"}],"version-history":[{"count":28,"href":"https:\/\/stephaniemartineau.com\/fr\/wp-json\/wp\/v2\/pages\/66\/revisions"}],"predecessor-version":[{"id":211,"href":"https:\/\/stephaniemartineau.com\/fr\/wp-json\/wp\/v2\/pages\/66\/revisions\/211"}],"wp:attachment":[{"href":"https:\/\/stephaniemartineau.com\/fr\/wp-json\/wp\/v2\/media?parent=66"}],"curies":[{"name":"wp","href":"https:\/\/api.w.org\/{rel}","templated":true}]}}