{"id":66,"date":"2010-05-25T06:38:13","date_gmt":"2010-05-25T06:38:13","guid":{"rendered":"http:\/stephaniemartineau.com.com\/?page_id=6"},"modified":"2018-02-12T17:54:51","modified_gmt":"2018-02-12T17:54:51","slug":"bio","status":"publish","type":"page","link":"https:\/\/stephaniemartineau.com\/en\/bio\/","title":{"rendered":"Bio"},"content":{"rendered":"<p><img loading=\"lazy\" decoding=\"async\" class=\"alignright size-medium wp-image-210\" title=\"\" src=\"\/wp-content\/uploads\/photoPhani-325x420.jpg\" alt=\"\" width=\"325\" height=\"420\" srcset=\"https:\/\/stephaniemartineau.com\/wp-content\/uploads\/photoPhani-325x420.jpg 325w, https:\/\/stephaniemartineau.com\/wp-content\/uploads\/photoPhani.jpg 410w\" sizes=\"auto, (max-width: 325px) 100vw, 325px\" \/><\/p>\n<h1>Biography<\/h1>\n<p>Born in Hull, Qu\u00e9bec in 1977, St\u00e9phanie Martineau earned a degree in Art and Design from l\u2019Universit\u00e9 du Qu\u00e9bec en Outaouais in 2002. Since 2006, she has shown her work in several individual and collective exhibitions in the Outaouais region.<\/p>\n<h1>Endeavours<\/h1>\n<p>Her fascination with the world of illustration for children led Martineau to create works of joy and light as a way of staving off the sadness and shadows that darken society today. In her art, she seeks to allow gaiety to emerge as the leitmotif.<\/p>\n<p>The outsized eyes of her figures draw attention to their stare while at the same time, since they are hardly representative of reality these eyes give the works something of the slightly comical and caricatured. Whether the characters\u2019 faces are seen in profile, looking downwards or straight into the eyes of the observer, they can both seduce and elicit smiles.<\/p>","protected":false},"excerpt":{"rendered":"<p>Biography Born in Hull, Qu\u00e9bec in 1977, St\u00e9phanie Martineau earned a degree in Art and Design from l\u2019Universit\u00e9 du Qu\u00e9bec en Outaouais in 2002. Since 2006, she has shown her work in several individual and collective exhibitions in the Outaouais region. Endeavours Her fascination with the world of illustration for children led Martineau to create [&hellip;]<\/p>\n","protected":false},"author":1,"featured_media":0,"parent":0,"menu_order":0,"comment_status":"closed","ping_status":"closed","template":"","meta":{"footnotes":""},"class_list":["post-66","page","type-page","status-publish","hentry"],"yoast_head":"<!-- This site is optimized with the Yoast SEO plugin v24.2 - https:\/\/yoast.com\/wordpress\/plugins\/seo\/ -->\n<title>Bio - St\u00e9phanie Martineau<\/title>\n<meta name=\"robots\" content=\"index, follow, max-snippet:-1, max-image-preview:large, max-video-preview:-1\" \/>\n<link rel=\"canonical\" href=\"https:\/\/stephaniemartineau.com\/en\/bio\/\" \/>\n<meta property=\"og:locale\" content=\"en_US\" \/>\n<meta property=\"og:type\" content=\"article\" \/>\n<meta property=\"og:title\" content=\"Bio - St\u00e9phanie Martineau\" \/>\n<meta property=\"og:description\" content=\"Biography Born in Hull, Qu\u00e9bec in 1977, St\u00e9phanie Martineau earned a degree in Art and Design from l\u2019Universit\u00e9 du Qu\u00e9bec en Outaouais in 2002. Since 2006, she has shown her work in several individual and collective exhibitions in the Outaouais region. Endeavours Her fascination with the world of illustration for children led Martineau to create [&hellip;]\" \/>\n<meta property=\"og:url\" content=\"https:\/\/stephaniemartineau.com\/en\/bio\/\" \/>\n<meta property=\"og:site_name\" content=\"St\u00e9phanie Martineau\" \/>\n<meta property=\"article:modified_time\" content=\"2018-02-12T17:54:51+00:00\" \/>\n<meta name=\"twitter:label1\" content=\"Est. reading time\" \/>\n\t<meta name=\"twitter:data1\" content=\"2 minutes\" \/>\n<script type=\"application\/ld+json\" class=\"yoast-schema-graph\">{\"@context\":\"https:\/\/schema.org\",\"@graph\":[{\"@type\":\"WebPage\",\"@id\":\"https:\/\/stephaniemartineau.com\/en\/bio\/\",\"url\":\"https:\/\/stephaniemartineau.com\/en\/bio\/\",\"name\":\"Bio - St\u00e9phanie Martineau\",\"isPartOf\":{\"@id\":\"https:\/\/stephaniemartineau.com\/fr\/#website\"},\"datePublished\":\"2010-05-25T06:38:13+00:00\",\"dateModified\":\"2018-02-12T17:54:51+00:00\",\"breadcrumb\":{\"@id\":\"https:\/\/stephaniemartineau.com\/en\/bio\/#breadcrumb\"},\"inLanguage\":\"en-US\",\"potentialAction\":[{\"@type\":\"ReadAction\",\"target\":[\"https:\/\/stephaniemartineau.com\/en\/bio\/\"]}]},{\"@type\":\"BreadcrumbList\",\"@id\":\"https:\/\/stephaniemartineau.com\/en\/bio\/#breadcrumb\",\"itemListElement\":[{\"@type\":\"ListItem\",\"position\":1,\"name\":\"Home\",\"item\":\"https:\/\/stephaniemartineau.com\/fr\/\"},{\"@type\":\"ListItem\",\"position\":2,\"name\":\"Bio\"}]},{\"@type\":\"WebSite\",\"@id\":\"https:\/\/stephaniemartineau.com\/fr\/#website\",\"url\":\"https:\/\/stephaniemartineau.com\/fr\/\",\"name\":\"St\u00e9phanie Martineau\",\"description\":\"...\",\"potentialAction\":[{\"@type\":\"SearchAction\",\"target\":{\"@type\":\"EntryPoint\",\"urlTemplate\":\"https:\/\/stephaniemartineau.com\/fr\/?s={search_term_string}\"},\"query-input\":{\"@type\":\"PropertyValueSpecification\",\"valueRequired\":true,\"valueName\":\"search_term_string\"}}],\"inLanguage\":\"en-US\"}]}<\/script>\n<!-- \/ Yoast SEO plugin. -->","yoast_head_json":{"title":"Bio - St\u00e9phanie Martineau","robots":{"index":"index","follow":"follow","max-snippet":"max-snippet:-1","max-image-preview":"max-image-preview:large","max-video-preview":"max-video-preview:-1"},"canonical":"https:\/\/stephaniemartineau.com\/en\/bio\/","og_locale":"en_US","og_type":"article","og_title":"Bio - St\u00e9phanie Martineau","og_description":"Biography Born in Hull, Qu\u00e9bec in 1977, St\u00e9phanie Martineau earned a degree in Art and Design from l\u2019Universit\u00e9 du Qu\u00e9bec en Outaouais in 2002. Since 2006, she has shown her work in several individual and collective exhibitions in the Outaouais region. Endeavours Her fascination with the world of illustration for children led Martineau to create [&hellip;]","og_url":"https:\/\/stephaniemartineau.com\/en\/bio\/","og_site_name":"St\u00e9phanie Martineau","article_modified_time":"2018-02-12T17:54:51+00:00","twitter_misc":{"Est. reading time":"2 minutes"},"schema":{"@context":"https:\/\/schema.org","@graph":[{"@type":"WebPage","@id":"https:\/\/stephaniemartineau.com\/en\/bio\/","url":"https:\/\/stephaniemartineau.com\/en\/bio\/","name":"Bio - St\u00e9phanie Martineau","isPartOf":{"@id":"https:\/\/stephaniemartineau.com\/fr\/#website"},"datePublished":"2010-05-25T06:38:13+00:00","dateModified":"2018-02-12T17:54:51+00:00","breadcrumb":{"@id":"https:\/\/stephaniemartineau.com\/en\/bio\/#breadcrumb"},"inLanguage":"en-US","potentialAction":[{"@type":"ReadAction","target":["https:\/\/stephaniemartineau.com\/en\/bio\/"]}]},{"@type":"BreadcrumbList","@id":"https:\/\/stephaniemartineau.com\/en\/bio\/#breadcrumb","itemListElement":[{"@type":"ListItem","position":1,"name":"Home","item":"https:\/\/stephaniemartineau.com\/fr\/"},{"@type":"ListItem","position":2,"name":"Bio"}]},{"@type":"WebSite","@id":"https:\/\/stephaniemartineau.com\/fr\/#website","url":"https:\/\/stephaniemartineau.com\/fr\/","name":"St\u00e9phanie Martineau","description":"...","potentialAction":[{"@type":"SearchAction","target":{"@type":"EntryPoint","urlTemplate":"https:\/\/stephaniemartineau.com\/fr\/?s={search_term_string}"},"query-input":{"@type":"PropertyValueSpecification","valueRequired":true,"valueName":"search_term_string"}}],"inLanguage":"en-US"}]}},"_links":{"self":[{"href":"https:\/\/stephaniemartineau.com\/en\/wp-json\/wp\/v2\/pages\/66","targetHints":{"allow":["GET"]}}],"collection":[{"href":"https:\/\/stephaniemartineau.com\/en\/wp-json\/wp\/v2\/pages"}],"about":[{"href":"https:\/\/stephaniemartineau.com\/en\/wp-json\/wp\/v2\/types\/page"}],"author":[{"embeddable":true,"href":"https:\/\/stephaniemartineau.com\/en\/wp-json\/wp\/v2\/users\/1"}],"replies":[{"embeddable":true,"href":"https:\/\/stephaniemartineau.com\/en\/wp-json\/wp\/v2\/comments?post=66"}],"version-history":[{"count":28,"href":"https:\/\/stephaniemartineau.com\/en\/wp-json\/wp\/v2\/pages\/66\/revisions"}],"predecessor-version":[{"id":211,"href":"https:\/\/stephaniemartineau.com\/en\/wp-json\/wp\/v2\/pages\/66\/revisions\/211"}],"wp:attachment":[{"href":"https:\/\/stephaniemartineau.com\/en\/wp-json\/wp\/v2\/media?parent=66"}],"curies":[{"name":"wp","href":"https:\/\/api.w.org\/{rel}","templated":true}]}}